{"id":4993,"date":"2019-10-30T11:18:41","date_gmt":"2019-10-30T10:18:41","guid":{"rendered":"https:\/\/circvoramar.com\/el-festival"},"modified":"2026-04-29T11:51:15","modified_gmt":"2026-04-29T09:51:15","slug":"participa","status":"publish","type":"page","link":"https:\/\/circvoramar.com\/es\/participa","title":{"rendered":"Participa"},"content":{"rendered":"<p><div class=\"fusion-fullwidth fullwidth-box fusion-builder-row-1 fusion-parallax-none nonhundred-percent-fullwidth non-hundred-percent-height-scrolling shaud-box\" style=\"--awb-background-repeat:repeat;--awb-border-sizes-top:0px;--awb-border-sizes-bottom:0px;--awb-border-sizes-left:0px;--awb-border-sizes-right:0px;--awb-border-radius-top-left:0px;--awb-border-radius-top-right:0px;--awb-border-radius-bottom-right:0px;--awb-border-radius-bottom-left:0px;--awb-padding-top:60px;--awb-padding-bottom:60px;--awb-background-color:#3d3d3d;--awb-background-image:url(&quot;https:\/\/circvoramar.com\/wp-content\/uploads\/2018\/02\/grunge-texture-300c.png&quot;);--awb-flex-wrap:wrap;\" ><div class=\"fusion-builder-row fusion-row\"><div class=\"fusion-layout-column fusion_builder_column fusion-builder-column-0 fusion_builder_column_1_1 1_1 fusion-one-full fusion-column-first fusion-column-last fusion-column-no-min-height\" style=\"--awb-bg-size:cover;\"><div class=\"fusion-column-wrapper fusion-flex-column-wrapper-legacy\"><div class=\"fusion-text fusion-text-1\"><h2 style=\"text-align: center; color: #ffffff;\">11\u00ba CIRC VORAMAR \u2013 edici\u00f3n 2026<\/h2>\n<h2 style=\"text-align: center; color: #ffffff;\">DEL 28 DE AGOSTO AL 6 DE SEPTIEMBRE<\/h2>\n<h1 style=\"text-align: center; color: #ffffff;\">Circo en Los Poblados Mar\u00edtimos de Val\u00e8ncia<\/h1>\n<h3 style=\"text-align: center; color: #ffffff;\">Condiciones de participaci\u00f3n<\/h3>\n<p style=\"text-align: center; color: #ffffff;\">Podr\u00e1n participar las compa\u00f1\u00edas profesionales de teatro, circo y danza con producciones para calle, de todas las procedencias.<br \/>\nLos profesionales deben enviar la propuesta enviada a la organizaci\u00f3n, por medio del <a href=\"https:\/\/circvoramar.com\/es\/formulari-de-sollicitud-de-participacio-de-companyies\">FORMULARIO DE PARTICIPACI\u00d3N<\/a>.<\/p>\n<p style=\"text-align: center; color: #ffffff;\">Las compa\u00f1\u00edas seleccionadas, percibir\u00e1n el cach\u00e9 especificado al presentar su propuesta.<\/p>\n<p style=\"text-align: center; color: #ffffff;\">La organizaci\u00f3n se har\u00e1 cargo de las dietas de las compa\u00f1\u00edas seleccionadas, as\u00ed como del alojamiento en el caso de las compa\u00f1\u00edas residentes a m\u00e1s de 100 km de Valencia, si as\u00ed se acuerda.<\/p>\n<p style=\"text-align: center; color: #ffffff;\">Las compa\u00f1\u00edas seleccionadas reservar\u00e1n el d\u00eda para el que sean programadas, entre las fechas 29 al 31 agosto 2026.<\/p>\n<p style=\"text-align: center; color: #ffffff;\">ESPERAMOS VUESTRAS PROPUESTAS CON MUCHO CARI\u00d1O!!<br \/>\nGRACIAS!<\/p>\n<\/div><div class=\"fusion-sep-clear\"><\/div><div class=\"fusion-separator fusion-full-width-sep\" style=\"margin-left: auto;margin-right: auto;margin-top:10px;margin-bottom:10px;width:100%;\"><\/div><div class=\"fusion-sep-clear\"><\/div><div class=\"fusion-clearfix\"><\/div><\/div><\/div><div class=\"fusion-layout-column fusion_builder_column fusion-builder-column-1 fusion_builder_column_1_1 1_1 fusion-one-full fusion-column-first fusion-column-last\" style=\"--awb-bg-size:cover;\"><div class=\"fusion-column-wrapper fusion-flex-column-wrapper-legacy\"><div class=\"fusion-sep-clear\"><\/div><div class=\"fusion-separator fusion-full-width-sep\" style=\"margin-left: auto;margin-right: auto;margin-top:20px;margin-bottom:20px;width:100%;\"><\/div><div class=\"fusion-sep-clear\"><\/div><div class=\"fusion-slider-sc fusion-flexslider-loading flexslider fusion-aligncenter flexslider-hover-type-none slider-participa\" data-slideshow_autoplay=\"1\" data-slideshow_smooth_height=\"1\" data-slideshow_speed=\"4000\" style=\"max-width:950px;height:100%;\"><ul class=\"slides\"><li class=\"image\"><span class=\"fusion-image-hover-element hover-type-none\"><img decoding=\"async\" src=\"https:\/\/circvoramar.com\/wp-content\/uploads\/2023\/10\/Circ-Voramar-2023-slider-participa-1.jpg\" width=\"950\" height=\"633\" class=\"wp-image-7076\" srcset=\"https:\/\/circvoramar.com\/wp-content\/uploads\/2023\/10\/Circ-Voramar-2023-slider-participa-1-200x133.jpg 200w, https:\/\/circvoramar.com\/wp-content\/uploads\/2023\/10\/Circ-Voramar-2023-slider-participa-1-400x267.jpg 400w, https:\/\/circvoramar.com\/wp-content\/uploads\/2023\/10\/Circ-Voramar-2023-slider-participa-1-600x400.jpg 600w, https:\/\/circvoramar.com\/wp-content\/uploads\/2023\/10\/Circ-Voramar-2023-slider-participa-1-800x533.jpg 800w, https:\/\/circvoramar.com\/wp-content\/uploads\/2023\/10\/Circ-Voramar-2023-slider-participa-1.jpg 950w\" sizes=\"(max-width: 800px) 100vw, 950px\" \/><\/span><\/li><li class=\"image\"><span class=\"fusion-image-hover-element hover-type-none\"><img decoding=\"async\" src=\"https:\/\/circvoramar.com\/wp-content\/uploads\/2023\/10\/Circ-Voramar-2023-slider-participa-9.jpg\" width=\"950\" height=\"633\" class=\"wp-image-7092\" srcset=\"https:\/\/circvoramar.com\/wp-content\/uploads\/2023\/10\/Circ-Voramar-2023-slider-participa-9-200x133.jpg 200w, https:\/\/circvoramar.com\/wp-content\/uploads\/2023\/10\/Circ-Voramar-2023-slider-participa-9-400x267.jpg 400w, https:\/\/circvoramar.com\/wp-content\/uploads\/2023\/10\/Circ-Voramar-2023-slider-participa-9-600x400.jpg 600w, https:\/\/circvoramar.com\/wp-content\/uploads\/2023\/10\/Circ-Voramar-2023-slider-participa-9-800x533.jpg 800w, https:\/\/circvoramar.com\/wp-content\/uploads\/2023\/10\/Circ-Voramar-2023-slider-participa-9.jpg 950w\" sizes=\"(max-width: 800px) 100vw, 950px\" \/><\/span><\/li><li class=\"image\"><span class=\"fusion-image-hover-element hover-type-none\"><img decoding=\"async\" src=\"https:\/\/circvoramar.com\/wp-content\/uploads\/2023\/10\/Circ-Voramar-2023-slider-participa-8.jpg\" width=\"950\" height=\"633\" class=\"wp-image-7090\" srcset=\"https:\/\/circvoramar.com\/wp-content\/uploads\/2023\/10\/Circ-Voramar-2023-slider-participa-8-200x133.jpg 200w, https:\/\/circvoramar.com\/wp-content\/uploads\/2023\/10\/Circ-Voramar-2023-slider-participa-8-400x267.jpg 400w, https:\/\/circvoramar.com\/wp-content\/uploads\/2023\/10\/Circ-Voramar-2023-slider-participa-8-600x400.jpg 600w, https:\/\/circvoramar.com\/wp-content\/uploads\/2023\/10\/Circ-Voramar-2023-slider-participa-8-800x533.jpg 800w, https:\/\/circvoramar.com\/wp-content\/uploads\/2023\/10\/Circ-Voramar-2023-slider-participa-8.jpg 950w\" sizes=\"(max-width: 800px) 100vw, 950px\" \/><\/span><\/li><li class=\"image\"><span class=\"fusion-image-hover-element hover-type-none\"><img decoding=\"async\" src=\"https:\/\/circvoramar.com\/wp-content\/uploads\/2023\/10\/Circ-Voramar-2023-slider-participa-7.jpg\" width=\"950\" height=\"633\" class=\"wp-image-7088\" srcset=\"https:\/\/circvoramar.com\/wp-content\/uploads\/2023\/10\/Circ-Voramar-2023-slider-participa-7-200x133.jpg 200w, https:\/\/circvoramar.com\/wp-content\/uploads\/2023\/10\/Circ-Voramar-2023-slider-participa-7-400x267.jpg 400w, https:\/\/circvoramar.com\/wp-content\/uploads\/2023\/10\/Circ-Voramar-2023-slider-participa-7-600x400.jpg 600w, https:\/\/circvoramar.com\/wp-content\/uploads\/2023\/10\/Circ-Voramar-2023-slider-participa-7-800x533.jpg 800w, https:\/\/circvoramar.com\/wp-content\/uploads\/2023\/10\/Circ-Voramar-2023-slider-participa-7.jpg 950w\" sizes=\"(max-width: 800px) 100vw, 950px\" \/><\/span><\/li><li class=\"image\"><span class=\"fusion-image-hover-element hover-type-none\"><img decoding=\"async\" src=\"https:\/\/circvoramar.com\/wp-content\/uploads\/2023\/10\/Circ-Voramar-2023-slider-participa-6.jpg\" width=\"950\" height=\"633\" class=\"wp-image-7086\" srcset=\"https:\/\/circvoramar.com\/wp-content\/uploads\/2023\/10\/Circ-Voramar-2023-slider-participa-6-200x133.jpg 200w, https:\/\/circvoramar.com\/wp-content\/uploads\/2023\/10\/Circ-Voramar-2023-slider-participa-6-400x267.jpg 400w, https:\/\/circvoramar.com\/wp-content\/uploads\/2023\/10\/Circ-Voramar-2023-slider-participa-6-600x400.jpg 600w, https:\/\/circvoramar.com\/wp-content\/uploads\/2023\/10\/Circ-Voramar-2023-slider-participa-6-800x533.jpg 800w, https:\/\/circvoramar.com\/wp-content\/uploads\/2023\/10\/Circ-Voramar-2023-slider-participa-6.jpg 950w\" sizes=\"(max-width: 800px) 100vw, 950px\" \/><\/span><\/li><li class=\"image\"><span class=\"fusion-image-hover-element hover-type-none\"><img decoding=\"async\" src=\"https:\/\/circvoramar.com\/wp-content\/uploads\/2023\/10\/Circ-Voramar-2023-slider-participa-5.jpg\" width=\"950\" height=\"633\" class=\"wp-image-7084\" srcset=\"https:\/\/circvoramar.com\/wp-content\/uploads\/2023\/10\/Circ-Voramar-2023-slider-participa-5-200x133.jpg 200w, https:\/\/circvoramar.com\/wp-content\/uploads\/2023\/10\/Circ-Voramar-2023-slider-participa-5-400x267.jpg 400w, https:\/\/circvoramar.com\/wp-content\/uploads\/2023\/10\/Circ-Voramar-2023-slider-participa-5-600x400.jpg 600w, https:\/\/circvoramar.com\/wp-content\/uploads\/2023\/10\/Circ-Voramar-2023-slider-participa-5-800x533.jpg 800w, https:\/\/circvoramar.com\/wp-content\/uploads\/2023\/10\/Circ-Voramar-2023-slider-participa-5.jpg 950w\" sizes=\"(max-width: 800px) 100vw, 950px\" \/><\/span><\/li><li class=\"image\"><span class=\"fusion-image-hover-element hover-type-none\"><img decoding=\"async\" src=\"https:\/\/circvoramar.com\/wp-content\/uploads\/2023\/10\/Circ-Voramar-2023-slider-participa-4.jpg\" width=\"950\" height=\"633\" class=\"wp-image-7082\" srcset=\"https:\/\/circvoramar.com\/wp-content\/uploads\/2023\/10\/Circ-Voramar-2023-slider-participa-4-200x133.jpg 200w, https:\/\/circvoramar.com\/wp-content\/uploads\/2023\/10\/Circ-Voramar-2023-slider-participa-4-400x267.jpg 400w, https:\/\/circvoramar.com\/wp-content\/uploads\/2023\/10\/Circ-Voramar-2023-slider-participa-4-600x400.jpg 600w, https:\/\/circvoramar.com\/wp-content\/uploads\/2023\/10\/Circ-Voramar-2023-slider-participa-4-800x533.jpg 800w, https:\/\/circvoramar.com\/wp-content\/uploads\/2023\/10\/Circ-Voramar-2023-slider-participa-4.jpg 950w\" sizes=\"(max-width: 800px) 100vw, 950px\" \/><\/span><\/li><li class=\"image\"><span class=\"fusion-image-hover-element hover-type-none\"><img decoding=\"async\" src=\"https:\/\/circvoramar.com\/wp-content\/uploads\/2023\/10\/Circ-Voramar-2023-slider-participa-3.jpg\" width=\"950\" height=\"633\" class=\"wp-image-7080\" srcset=\"https:\/\/circvoramar.com\/wp-content\/uploads\/2023\/10\/Circ-Voramar-2023-slider-participa-3-200x133.jpg 200w, https:\/\/circvoramar.com\/wp-content\/uploads\/2023\/10\/Circ-Voramar-2023-slider-participa-3-400x267.jpg 400w, https:\/\/circvoramar.com\/wp-content\/uploads\/2023\/10\/Circ-Voramar-2023-slider-participa-3-600x400.jpg 600w, https:\/\/circvoramar.com\/wp-content\/uploads\/2023\/10\/Circ-Voramar-2023-slider-participa-3-800x533.jpg 800w, https:\/\/circvoramar.com\/wp-content\/uploads\/2023\/10\/Circ-Voramar-2023-slider-participa-3.jpg 950w\" sizes=\"(max-width: 800px) 100vw, 950px\" \/><\/span><\/li><li class=\"image\"><span class=\"fusion-image-hover-element hover-type-none\"><img decoding=\"async\" src=\"https:\/\/circvoramar.com\/wp-content\/uploads\/2023\/10\/Circ-Voramar-2023-slider-participa-2.jpg\" width=\"950\" height=\"633\" class=\"wp-image-7078\" srcset=\"https:\/\/circvoramar.com\/wp-content\/uploads\/2023\/10\/Circ-Voramar-2023-slider-participa-2-200x133.jpg 200w, https:\/\/circvoramar.com\/wp-content\/uploads\/2023\/10\/Circ-Voramar-2023-slider-participa-2-400x267.jpg 400w, https:\/\/circvoramar.com\/wp-content\/uploads\/2023\/10\/Circ-Voramar-2023-slider-participa-2-600x400.jpg 600w, https:\/\/circvoramar.com\/wp-content\/uploads\/2023\/10\/Circ-Voramar-2023-slider-participa-2-800x533.jpg 800w, https:\/\/circvoramar.com\/wp-content\/uploads\/2023\/10\/Circ-Voramar-2023-slider-participa-2.jpg 950w\" sizes=\"(max-width: 800px) 100vw, 950px\" \/><\/span><\/li><\/ul><\/div><div class=\"fusion-text fusion-text-2\" style=\"--awb-content-alignment:center;--awb-text-color:#ffffff;\"><p style=\"text-align: center; color: #ffffff;\">Si tienes alguna duda, o quieres propones un espect\u00e1culo que a\u00fan no ha estrenado o work in progress, ponte en contacto por medio del correo <a href=\"mailto:circvoramar@circvoramar.com\">circvoramar@circvoramar.com<\/a><\/p>\n<\/div><div class=\"fusion-clearfix\"><\/div><\/div><\/div><\/div><\/div><div class=\"fusion-fullwidth fullwidth-box fusion-builder-row-2 has-pattern-background has-mask-background nonhundred-percent-fullwidth non-hundred-percent-height-scrolling shaud-box\" style=\"--awb-background-repeat:repeat;--awb-border-sizes-top:0px;--awb-border-sizes-bottom:0px;--awb-border-sizes-left:0px;--awb-border-sizes-right:0px;--awb-border-radius-top-left:0px;--awb-border-radius-top-right:0px;--awb-border-radius-bottom-right:0px;--awb-border-radius-bottom-left:0px;--awb-padding-top:60px;--awb-padding-bottom:60px;--awb-flex-wrap:wrap;\" ><div class=\"fusion-builder-row fusion-row\"><div class=\"fusion-layout-column fusion_builder_column fusion-builder-column-2 fusion_builder_column_1_1 1_1 fusion-one-full fusion-column-first fusion-column-last\" style=\"--awb-bg-size:cover;\"><div class=\"fusion-column-wrapper fusion-flex-column-wrapper-legacy\"><div class=\"fusion-sep-clear\"><\/div><div class=\"fusion-separator fusion-full-width-sep\" style=\"margin-left: auto;margin-right: auto;margin-top:20px;margin-bottom:20px;width:100%;\"><\/div><div class=\"fusion-sep-clear\"><\/div><div class=\"fusion-video fusion-youtube fusion-aligncenter\" style=\"--awb-max-width:900px;--awb-max-height:506px;--awb-width:100%;\"><div class=\"video-shortcode\"><div class=\"fluid-width-video-wrapper\" style=\"padding-top:56.22%;\" ><iframe title=\"YouTube video player 1\" src=\"https:\/\/www.youtube.com\/embed\/t8RQnnsjq1o?wmode=transparent&autoplay=0\" width=\"900\" height=\"506\" allowfullscreen allow=\"autoplay; clipboard-write; encrypted-media; gyroscope; picture-in-picture;\"><\/iframe><\/div><\/div><\/div><div class=\"fusion-clearfix\"><\/div><\/div><\/div><\/div><\/div><\/p>\n","protected":false},"excerpt":{"rendered":"","protected":false},"author":65,"featured_media":0,"parent":0,"menu_order":0,"comment_status":"closed","ping_status":"closed","template":"100-width.php","meta":{"footnotes":""},"class_list":["post-4993","page","type-page","status-publish","hentry"],"yoast_head":"<!-- This site is optimized with the Yoast SEO plugin v27.5 - https:\/\/yoast.com\/product\/yoast-seo-wordpress\/ -->\n<title>Participa - Circ Voramar<\/title>\n<meta name=\"robots\" content=\"index, follow, max-snippet:-1, max-image-preview:large, max-video-preview:-1\" \/>\n<link rel=\"canonical\" href=\"https:\/\/circvoramar.com\/es\/participa\" \/>\n<meta property=\"og:locale\" content=\"es_ES\" \/>\n<meta property=\"og:type\" content=\"article\" \/>\n<meta property=\"og:title\" content=\"Participa - Circ Voramar\" \/>\n<meta property=\"og:url\" content=\"https:\/\/circvoramar.com\/es\/participa\" \/>\n<meta property=\"og:site_name\" content=\"Circ Voramar\" \/>\n<meta property=\"article:publisher\" content=\"https:\/\/www.facebook.com\/circvoramar\/\" \/>\n<meta property=\"article:modified_time\" content=\"2026-04-29T09:51:15+00:00\" \/>\n<meta property=\"og:image\" content=\"https:\/\/circvoramar.com\/wp-content\/uploads\/2019\/10\/facebook-circvoramar.jpg\" \/>\n\t<meta property=\"og:image:width\" content=\"1200\" \/>\n\t<meta property=\"og:image:height\" content=\"800\" \/>\n\t<meta property=\"og:image:type\" content=\"image\/jpeg\" \/>\n<meta name=\"twitter:card\" content=\"summary_large_image\" \/>\n<meta name=\"twitter:label1\" content=\"Tiempo de lectura\" \/>\n\t<meta name=\"twitter:data1\" content=\"3 minutos\" \/>\n<script type=\"application\/ld+json\" class=\"yoast-schema-graph\">{\"@context\":\"https:\\\/\\\/schema.org\",\"@graph\":[{\"@type\":\"WebPage\",\"@id\":\"https:\\\/\\\/circvoramar.com\\\/es\\\/participa\",\"url\":\"https:\\\/\\\/circvoramar.com\\\/es\\\/participa\",\"name\":\"Participa - Circ Voramar\",\"isPartOf\":{\"@id\":\"https:\\\/\\\/circvoramar.com\\\/es\\\/#website\"},\"datePublished\":\"2019-10-30T10:18:41+00:00\",\"dateModified\":\"2026-04-29T09:51:15+00:00\",\"breadcrumb\":{\"@id\":\"https:\\\/\\\/circvoramar.com\\\/es\\\/participa#breadcrumb\"},\"inLanguage\":\"es\",\"potentialAction\":[{\"@type\":\"ReadAction\",\"target\":[\"https:\\\/\\\/circvoramar.com\\\/es\\\/participa\"]}]},{\"@type\":\"BreadcrumbList\",\"@id\":\"https:\\\/\\\/circvoramar.com\\\/es\\\/participa#breadcrumb\",\"itemListElement\":[{\"@type\":\"ListItem\",\"position\":1,\"name\":\"Portada\",\"item\":\"https:\\\/\\\/circvoramar.com\\\/es\\\/inicio\"},{\"@type\":\"ListItem\",\"position\":2,\"name\":\"Participa\"}]},{\"@type\":\"WebSite\",\"@id\":\"https:\\\/\\\/circvoramar.com\\\/es\\\/#website\",\"url\":\"https:\\\/\\\/circvoramar.com\\\/es\\\/\",\"name\":\"Circ Voramar\",\"description\":\"Contemporani i circ social poblats mar\u00edtims\",\"potentialAction\":[{\"@type\":\"SearchAction\",\"target\":{\"@type\":\"EntryPoint\",\"urlTemplate\":\"https:\\\/\\\/circvoramar.com\\\/es\\\/?s={search_term_string}\"},\"query-input\":{\"@type\":\"PropertyValueSpecification\",\"valueRequired\":true,\"valueName\":\"search_term_string\"}}],\"inLanguage\":\"es\"}]}<\/script>\n<!-- \/ Yoast SEO plugin. -->","yoast_head_json":{"title":"Participa - Circ Voramar","robots":{"index":"index","follow":"follow","max-snippet":"max-snippet:-1","max-image-preview":"max-image-preview:large","max-video-preview":"max-video-preview:-1"},"canonical":"https:\/\/circvoramar.com\/es\/participa","og_locale":"es_ES","og_type":"article","og_title":"Participa - Circ Voramar","og_url":"https:\/\/circvoramar.com\/es\/participa","og_site_name":"Circ Voramar","article_publisher":"https:\/\/www.facebook.com\/circvoramar\/","article_modified_time":"2026-04-29T09:51:15+00:00","og_image":[{"width":1200,"height":800,"url":"https:\/\/circvoramar.com\/wp-content\/uploads\/2019\/10\/facebook-circvoramar.jpg","type":"image\/jpeg"}],"twitter_card":"summary_large_image","twitter_misc":{"Tiempo de lectura":"3 minutos"},"schema":{"@context":"https:\/\/schema.org","@graph":[{"@type":"WebPage","@id":"https:\/\/circvoramar.com\/es\/participa","url":"https:\/\/circvoramar.com\/es\/participa","name":"Participa - Circ Voramar","isPartOf":{"@id":"https:\/\/circvoramar.com\/es\/#website"},"datePublished":"2019-10-30T10:18:41+00:00","dateModified":"2026-04-29T09:51:15+00:00","breadcrumb":{"@id":"https:\/\/circvoramar.com\/es\/participa#breadcrumb"},"inLanguage":"es","potentialAction":[{"@type":"ReadAction","target":["https:\/\/circvoramar.com\/es\/participa"]}]},{"@type":"BreadcrumbList","@id":"https:\/\/circvoramar.com\/es\/participa#breadcrumb","itemListElement":[{"@type":"ListItem","position":1,"name":"Portada","item":"https:\/\/circvoramar.com\/es\/inicio"},{"@type":"ListItem","position":2,"name":"Participa"}]},{"@type":"WebSite","@id":"https:\/\/circvoramar.com\/es\/#website","url":"https:\/\/circvoramar.com\/es\/","name":"Circ Voramar","description":"Contemporani i circ social poblats mar\u00edtims","potentialAction":[{"@type":"SearchAction","target":{"@type":"EntryPoint","urlTemplate":"https:\/\/circvoramar.com\/es\/?s={search_term_string}"},"query-input":{"@type":"PropertyValueSpecification","valueRequired":true,"valueName":"search_term_string"}}],"inLanguage":"es"}]}},"_links":{"self":[{"href":"https:\/\/circvoramar.com\/es\/wp-json\/wp\/v2\/pages\/4993","targetHints":{"allow":["GET"]}}],"collection":[{"href":"https:\/\/circvoramar.com\/es\/wp-json\/wp\/v2\/pages"}],"about":[{"href":"https:\/\/circvoramar.com\/es\/wp-json\/wp\/v2\/types\/page"}],"author":[{"embeddable":true,"href":"https:\/\/circvoramar.com\/es\/wp-json\/wp\/v2\/users\/65"}],"replies":[{"embeddable":true,"href":"https:\/\/circvoramar.com\/es\/wp-json\/wp\/v2\/comments?post=4993"}],"version-history":[{"count":35,"href":"https:\/\/circvoramar.com\/es\/wp-json\/wp\/v2\/pages\/4993\/revisions"}],"predecessor-version":[{"id":8150,"href":"https:\/\/circvoramar.com\/es\/wp-json\/wp\/v2\/pages\/4993\/revisions\/8150"}],"wp:attachment":[{"href":"https:\/\/circvoramar.com\/es\/wp-json\/wp\/v2\/media?parent=4993"}],"curies":[{"name":"wp","href":"https:\/\/api.w.org\/{rel}","templated":true}]}}