{"id":5348,"date":"2019-10-30T11:35:16","date_gmt":"2019-10-30T10:35:16","guid":{"rendered":"https:\/\/circvoramar.com\/video-galeria-edicion-2017"},"modified":"2019-10-30T11:35:16","modified_gmt":"2019-10-30T10:35:16","slug":"video-galeria-edicion-2017","status":"publish","type":"page","link":"https:\/\/circvoramar.com\/es\/video-galeria-edicion-2017","title":{"rendered":"V\u00cdDEO GALER\u00cdA EDICI\u00d3N 2017"},"content":{"rendered":"<p><div class=\"fusion-fullwidth fullwidth-box fusion-builder-row-1 nonhundred-percent-fullwidth non-hundred-percent-height-scrolling\" style=\"--awb-background-position:left top;--awb-border-radius-top-left:0px;--awb-border-radius-top-right:0px;--awb-border-radius-bottom-right:0px;--awb-border-radius-bottom-left:0px;--awb-padding-top:90px;--awb-padding-right:0px;--awb-padding-bottom:70px;--awb-padding-left:0px;--awb-margin-top:0px;--awb-margin-bottom:0px;--awb-background-color:rgba(255,255,255,0);--awb-border-sizes-top:0px;--awb-border-sizes-bottom:0px;--awb-flex-wrap:wrap;\" ><div class=\"fusion-builder-row fusion-row\"><div class=\"fusion-layout-column fusion_builder_column fusion-builder-column-0 fusion_builder_column_1_1 1_1 fusion-one-full fusion-column-first fusion-column-last fusion-column-no-min-height\" style=\"--awb-padding-right:0px;--awb-padding-left:0px;--awb-bg-size:cover;\"><div class=\"fusion-column-wrapper fusion-flex-column-wrapper-legacy\"><div class=\"fusion-column-content-centered\"><div class=\"fusion-column-content\"><div class=\"fusion-text fusion-text-1\"><h2 style=\"text-align: center; margin-top: 0; padding-top: 0;\">V\u00eddeo Galer\u00eda <span style=\"color: #c23131; font-size: 48px; font-weight: 100;\">|\u00a0<\/span><span style=\"color: #c23131; font-size: 28px;\">EDICI\u00d3N 2017<\/span><\/h2>\n<\/div><\/div><\/div><div class=\"fusion-clearfix\"><\/div><\/div><\/div><\/div><\/div><div class=\"fusion-fullwidth fullwidth-box fusion-builder-row-2 nonhundred-percent-fullwidth non-hundred-percent-height-scrolling fusion-equal-height-columns\" style=\"--awb-background-position:left top;--awb-border-radius-top-left:0px;--awb-border-radius-top-right:0px;--awb-border-radius-bottom-right:0px;--awb-border-radius-bottom-left:0px;--awb-padding-top:50px;--awb-padding-bottom:20px;--awb-background-color:#000000;--awb-border-sizes-top:0px;--awb-border-sizes-bottom:0px;--awb-flex-wrap:wrap;\" ><div class=\"fusion-builder-row fusion-row\"><div class=\"fusion-layout-column fusion_builder_column fusion-builder-column-1 fusion_builder_column_1_1 1_1 fusion-one-full fusion-column-first fusion-column-last fusion-column-no-min-height\" style=\"--awb-padding-right:20px;--awb-padding-left:20px;--awb-bg-size:cover;\"><div class=\"fusion-column-wrapper fusion-flex-column-wrapper-legacy\"><div class=\"fusion-column-content-centered\"><div class=\"fusion-column-content\"><div class=\"fusion-video fusion-youtube fusion-aligncenter\" style=\"--awb-max-width:853px;--awb-max-height:480px;--awb-width:100%;\"><div class=\"video-shortcode\"><div class=\"fluid-width-video-wrapper\" style=\"padding-top:56.27%;\" ><iframe title=\"YouTube video player 1\" src=\"https:\/\/www.youtube.com\/embed\/cko6kMieISE?wmode=transparent&autoplay=0rel=0 show info=0\" width=\"853\" height=\"480\" allowfullscreen allow=\"autoplay; clipboard-write; encrypted-media; gyroscope; picture-in-picture;\"><\/iframe><\/div><\/div><\/div><\/div><\/div><div class=\"fusion-clearfix\"><\/div><\/div><\/div><\/div><\/div><\/p>\n","protected":false},"excerpt":{"rendered":"","protected":false},"author":65,"featured_media":0,"parent":0,"menu_order":0,"comment_status":"closed","ping_status":"closed","template":"100-width.php","meta":{"footnotes":""},"class_list":["post-5348","page","type-page","status-publish","hentry"],"yoast_head":"<!-- This site is optimized with the Yoast SEO plugin v27.5 - https:\/\/yoast.com\/product\/yoast-seo-wordpress\/ -->\n<title>V\u00cdDEO GALER\u00cdA EDICI\u00d3N 2017 - Circ Voramar<\/title>\n<meta name=\"robots\" content=\"index, follow, max-snippet:-1, max-image-preview:large, max-video-preview:-1\" \/>\n<link rel=\"canonical\" href=\"https:\/\/circvoramar.com\/es\/video-galeria-edicion-2017\" \/>\n<meta property=\"og:locale\" content=\"es_ES\" \/>\n<meta property=\"og:type\" content=\"article\" \/>\n<meta property=\"og:title\" content=\"V\u00cdDEO GALER\u00cdA EDICI\u00d3N 2017 - Circ Voramar\" \/>\n<meta property=\"og:url\" content=\"https:\/\/circvoramar.com\/es\/video-galeria-edicion-2017\" \/>\n<meta property=\"og:site_name\" content=\"Circ Voramar\" \/>\n<meta property=\"article:publisher\" content=\"https:\/\/www.facebook.com\/circvoramar\/\" \/>\n<meta property=\"og:image\" content=\"https:\/\/circvoramar.com\/wp-content\/uploads\/2019\/10\/facebook-circvoramar.jpg\" \/>\n\t<meta property=\"og:image:width\" content=\"1200\" \/>\n\t<meta property=\"og:image:height\" content=\"800\" \/>\n\t<meta property=\"og:image:type\" content=\"image\/jpeg\" \/>\n<meta name=\"twitter:card\" content=\"summary_large_image\" \/>\n<meta name=\"twitter:label1\" content=\"Tiempo de lectura\" \/>\n\t<meta name=\"twitter:data1\" content=\"2 minutos\" \/>\n<script type=\"application\/ld+json\" class=\"yoast-schema-graph\">{\"@context\":\"https:\\\/\\\/schema.org\",\"@graph\":[{\"@type\":\"WebPage\",\"@id\":\"https:\\\/\\\/circvoramar.com\\\/es\\\/video-galeria-edicion-2017\",\"url\":\"https:\\\/\\\/circvoramar.com\\\/es\\\/video-galeria-edicion-2017\",\"name\":\"V\u00cdDEO GALER\u00cdA EDICI\u00d3N 2017 - Circ Voramar\",\"isPartOf\":{\"@id\":\"https:\\\/\\\/circvoramar.com\\\/es\\\/#website\"},\"datePublished\":\"2019-10-30T10:35:16+00:00\",\"breadcrumb\":{\"@id\":\"https:\\\/\\\/circvoramar.com\\\/es\\\/video-galeria-edicion-2017#breadcrumb\"},\"inLanguage\":\"es\",\"potentialAction\":[{\"@type\":\"ReadAction\",\"target\":[\"https:\\\/\\\/circvoramar.com\\\/es\\\/video-galeria-edicion-2017\"]}]},{\"@type\":\"BreadcrumbList\",\"@id\":\"https:\\\/\\\/circvoramar.com\\\/es\\\/video-galeria-edicion-2017#breadcrumb\",\"itemListElement\":[{\"@type\":\"ListItem\",\"position\":1,\"name\":\"Portada\",\"item\":\"https:\\\/\\\/circvoramar.com\\\/es\\\/inicio\"},{\"@type\":\"ListItem\",\"position\":2,\"name\":\"V\u00cdDEO GALER\u00cdA EDICI\u00d3N 2017\"}]},{\"@type\":\"WebSite\",\"@id\":\"https:\\\/\\\/circvoramar.com\\\/es\\\/#website\",\"url\":\"https:\\\/\\\/circvoramar.com\\\/es\\\/\",\"name\":\"Circ Voramar\",\"description\":\"Contemporani i circ social poblats mar\u00edtims\",\"potentialAction\":[{\"@type\":\"SearchAction\",\"target\":{\"@type\":\"EntryPoint\",\"urlTemplate\":\"https:\\\/\\\/circvoramar.com\\\/es\\\/?s={search_term_string}\"},\"query-input\":{\"@type\":\"PropertyValueSpecification\",\"valueRequired\":true,\"valueName\":\"search_term_string\"}}],\"inLanguage\":\"es\"}]}<\/script>\n<!-- \/ Yoast SEO plugin. -->","yoast_head_json":{"title":"V\u00cdDEO GALER\u00cdA EDICI\u00d3N 2017 - Circ Voramar","robots":{"index":"index","follow":"follow","max-snippet":"max-snippet:-1","max-image-preview":"max-image-preview:large","max-video-preview":"max-video-preview:-1"},"canonical":"https:\/\/circvoramar.com\/es\/video-galeria-edicion-2017","og_locale":"es_ES","og_type":"article","og_title":"V\u00cdDEO GALER\u00cdA EDICI\u00d3N 2017 - Circ Voramar","og_url":"https:\/\/circvoramar.com\/es\/video-galeria-edicion-2017","og_site_name":"Circ Voramar","article_publisher":"https:\/\/www.facebook.com\/circvoramar\/","og_image":[{"width":1200,"height":800,"url":"https:\/\/circvoramar.com\/wp-content\/uploads\/2019\/10\/facebook-circvoramar.jpg","type":"image\/jpeg"}],"twitter_card":"summary_large_image","twitter_misc":{"Tiempo de lectura":"2 minutos"},"schema":{"@context":"https:\/\/schema.org","@graph":[{"@type":"WebPage","@id":"https:\/\/circvoramar.com\/es\/video-galeria-edicion-2017","url":"https:\/\/circvoramar.com\/es\/video-galeria-edicion-2017","name":"V\u00cdDEO GALER\u00cdA EDICI\u00d3N 2017 - Circ Voramar","isPartOf":{"@id":"https:\/\/circvoramar.com\/es\/#website"},"datePublished":"2019-10-30T10:35:16+00:00","breadcrumb":{"@id":"https:\/\/circvoramar.com\/es\/video-galeria-edicion-2017#breadcrumb"},"inLanguage":"es","potentialAction":[{"@type":"ReadAction","target":["https:\/\/circvoramar.com\/es\/video-galeria-edicion-2017"]}]},{"@type":"BreadcrumbList","@id":"https:\/\/circvoramar.com\/es\/video-galeria-edicion-2017#breadcrumb","itemListElement":[{"@type":"ListItem","position":1,"name":"Portada","item":"https:\/\/circvoramar.com\/es\/inicio"},{"@type":"ListItem","position":2,"name":"V\u00cdDEO GALER\u00cdA EDICI\u00d3N 2017"}]},{"@type":"WebSite","@id":"https:\/\/circvoramar.com\/es\/#website","url":"https:\/\/circvoramar.com\/es\/","name":"Circ Voramar","description":"Contemporani i circ social poblats mar\u00edtims","potentialAction":[{"@type":"SearchAction","target":{"@type":"EntryPoint","urlTemplate":"https:\/\/circvoramar.com\/es\/?s={search_term_string}"},"query-input":{"@type":"PropertyValueSpecification","valueRequired":true,"valueName":"search_term_string"}}],"inLanguage":"es"}]}},"_links":{"self":[{"href":"https:\/\/circvoramar.com\/es\/wp-json\/wp\/v2\/pages\/5348","targetHints":{"allow":["GET"]}}],"collection":[{"href":"https:\/\/circvoramar.com\/es\/wp-json\/wp\/v2\/pages"}],"about":[{"href":"https:\/\/circvoramar.com\/es\/wp-json\/wp\/v2\/types\/page"}],"author":[{"embeddable":true,"href":"https:\/\/circvoramar.com\/es\/wp-json\/wp\/v2\/users\/65"}],"replies":[{"embeddable":true,"href":"https:\/\/circvoramar.com\/es\/wp-json\/wp\/v2\/comments?post=5348"}],"version-history":[{"count":1,"href":"https:\/\/circvoramar.com\/es\/wp-json\/wp\/v2\/pages\/5348\/revisions"}],"predecessor-version":[{"id":5349,"href":"https:\/\/circvoramar.com\/es\/wp-json\/wp\/v2\/pages\/5348\/revisions\/5349"}],"wp:attachment":[{"href":"https:\/\/circvoramar.com\/es\/wp-json\/wp\/v2\/media?parent=5348"}],"curies":[{"name":"wp","href":"https:\/\/api.w.org\/{rel}","templated":true}]}}