{"id":7051,"date":"2023-10-24T12:25:09","date_gmt":"2023-10-24T10:25:09","guid":{"rendered":"https:\/\/circvoramar.com\/masquecirco"},"modified":"2024-04-16T13:25:58","modified_gmt":"2024-04-16T11:25:58","slug":"masquecirco","status":"publish","type":"page","link":"https:\/\/circvoramar.com\/es\/masquecirco","title":{"rendered":"M\u00c9S QUE CIRC"},"content":{"rendered":"<div class=\"fusion-fullwidth fullwidth-box fusion-builder-row-1 nonhundred-percent-fullwidth non-hundred-percent-height-scrolling\" style=\"--awb-background-position:left top;--awb-border-sizes-top:0px;--awb-border-sizes-bottom:0px;--awb-border-sizes-left:0px;--awb-border-sizes-right:0px;--awb-border-radius-top-left:0px;--awb-border-radius-top-right:0px;--awb-border-radius-bottom-right:0px;--awb-border-radius-bottom-left:0px;--awb-padding-top:90px;--awb-padding-right:20%;--awb-padding-bottom:90px;--awb-padding-left:20%;--awb-background-color:rgba(255,235,104,0);--awb-flex-wrap:wrap;\" ><div class=\"fusion-builder-row fusion-row\"><div class=\"fusion-layout-column fusion_builder_column fusion-builder-column-0 fusion_builder_column_1_1 1_1 fusion-one-full fusion-column-first fusion-column-last\" style=\"--awb-bg-color:rgba(255,235,104,0);--awb-bg-color-hover:rgba(255,235,104,0);--awb-bg-size:cover;--awb-margin-top:10px;\"><div class=\"fusion-column-wrapper fusion-flex-column-wrapper-legacy\"><div class=\"fusion-text fusion-text-1\"><h2 align=\"center\">FERIA CULTURAL M\u00c1S QUE CIRCO<br \/>\nARTE SOCIAL Y CULTURAL DESDE LAS PERSONAS PARA LAS PERSONAS<\/h2>\n<h3 style=\"text-align: center;\"><strong>TODAS JUNTAS HAREMOS CIRCO VORAMAR.<\/strong><\/h3>\n<p>Este apartado est\u00e1 destinado a recibir propuestas no necesariamente relacionadas con las Artes Esc\u00e9nicas. La Feria se desarrollara los mismos d\u00edas que el Festival de Circo, en el mismo espacio, compartiendo p\u00fablico y \u00e9xito.<\/p>\n<p>En la recepci\u00f3n de propuestas, se valoraran especialmente las que fomenten cultura de h\u00e1bitos sanos y sostenibles entre j\u00f3venes y adolescentes, pr\u00e1ctica de malabares, acroyoga y yoga, gimnasia acrob\u00e1tica, parkour, huertos urbanos, alimentaci\u00f3n sostenible, etc. La organizaci\u00f3n facilitara los medios acordados con las entidades o particulares, que propongan desarrollar alg\u00fan tipo de actividad. Las actividades deben ir en la l\u00ednea de valores sociales de entendimiento y progreso sostenible, y deben tener un car\u00e1cter gratuito. Se aceptara publicidad y difusi\u00f3n de sus actividades.<\/p>\n<p>Todas las personas que forman la organizaci\u00f3n, dedican su tiempo, esfuerzo y conocimientos sin \u00e1nimo de lucro para facilitar la participaci\u00f3n de toda la ciudadan\u00eda en esta feria de iniciativas culturales.<\/p>\n<p style=\"text-align: center;\">\u00bfQuieres ser parte de esta gran experiencia dentro de la organizaci\u00f3n?<br \/>\n\u00bfTienes alguna actividad que quieras darle difusi\u00f3n y quieres nuestro apoyo?<br \/>\nEscribe a <a href=\"mailto:infofestival@circvoramar.com\">infofestival@circvoramar.com<\/a> y cu\u00e9ntanos tu propuesta.<\/p>\n<\/div><div class=\"fusion-builder-row fusion-builder-row-inner fusion-row\"><div class=\"fusion-layout-column fusion_builder_column_inner fusion-builder-nested-column-0 fusion_builder_column_inner_1_1 1_1 fusion-one-full fusion-column-first fusion-column-last\" style=\"--awb-bg-size:cover;--awb-margin-bottom:3rem;\" data-scroll-devices=\"small-visibility,medium-visibility,large-visibility\"><div class=\"fusion-column-wrapper fusion-column-has-shadow fusion-flex-column-wrapper-legacy\"><div class=\"fusion-image-element fusion-image-align-center in-legacy-container\" style=\"text-align:center;--awb-caption-title-font-family:var(--h2_typography-font-family);--awb-caption-title-font-weight:var(--h2_typography-font-weight);--awb-caption-title-font-style:var(--h2_typography-font-style);--awb-caption-title-size:var(--h2_typography-font-size);--awb-caption-title-transform:var(--h2_typography-text-transform);--awb-caption-title-line-height:var(--h2_typography-line-height);--awb-caption-title-letter-spacing:var(--h2_typography-letter-spacing);\"><div class=\"imageframe-align-center\"><span class=\" fusion-imageframe imageframe-none imageframe-1 hover-type-none\"><a class=\"fusion-no-lightbox\" href=\"https:\/\/www.valencia.es\/es\/-\/participacio-associacionisme2021\" target=\"_blank\" aria-label=\"ajuntment-valencia-ciudadana\" rel=\"noopener noreferrer\"><img decoding=\"async\" width=\"300\" height=\"141\" src=\"https:\/\/circvoramar.com\/wp-content\/uploads\/2022\/04\/ajuntment-valencia-ciudadana.png\" alt class=\"img-responsive wp-image-6377\" srcset=\"https:\/\/circvoramar.com\/wp-content\/uploads\/2022\/04\/ajuntment-valencia-ciudadana-200x94.png 200w, https:\/\/circvoramar.com\/wp-content\/uploads\/2022\/04\/ajuntment-valencia-ciudadana.png 300w\" sizes=\"(max-width: 800px) 100vw, 300px\" \/><\/a><\/span><\/div><\/div><div class=\"fusion-clearfix\"><\/div><\/div><\/div><\/div><div class=\"fusion-clearfix\"><\/div><\/div><\/div><\/div><\/div>\n","protected":false},"excerpt":{"rendered":"","protected":false},"author":67,"featured_media":0,"parent":0,"menu_order":0,"comment_status":"closed","ping_status":"closed","template":"100-width.php","meta":{"footnotes":""},"class_list":["post-7051","page","type-page","status-publish","hentry"],"yoast_head":"<!-- This site is optimized with the Yoast SEO plugin v27.5 - https:\/\/yoast.com\/product\/yoast-seo-wordpress\/ -->\n<title>M\u00c9S QUE CIRC - Circ Voramar<\/title>\n<meta name=\"robots\" content=\"index, follow, max-snippet:-1, max-image-preview:large, max-video-preview:-1\" \/>\n<link rel=\"canonical\" href=\"https:\/\/circvoramar.com\/es\/masquecirco\" \/>\n<meta property=\"og:locale\" content=\"es_ES\" \/>\n<meta property=\"og:type\" content=\"article\" \/>\n<meta property=\"og:title\" content=\"M\u00c9S QUE CIRC - Circ Voramar\" \/>\n<meta property=\"og:url\" content=\"https:\/\/circvoramar.com\/es\/masquecirco\" \/>\n<meta property=\"og:site_name\" content=\"Circ Voramar\" \/>\n<meta property=\"article:publisher\" content=\"https:\/\/www.facebook.com\/circvoramar\/\" \/>\n<meta property=\"article:modified_time\" content=\"2024-04-16T11:25:58+00:00\" \/>\n<meta property=\"og:image\" content=\"https:\/\/circvoramar.com\/wp-content\/uploads\/2019\/10\/facebook-circvoramar.jpg\" \/>\n\t<meta property=\"og:image:width\" content=\"1200\" \/>\n\t<meta property=\"og:image:height\" content=\"800\" \/>\n\t<meta property=\"og:image:type\" content=\"image\/jpeg\" \/>\n<meta name=\"twitter:card\" content=\"summary_large_image\" \/>\n<meta name=\"twitter:label1\" content=\"Tiempo de lectura\" \/>\n\t<meta name=\"twitter:data1\" content=\"3 minutos\" \/>\n<script type=\"application\/ld+json\" class=\"yoast-schema-graph\">{\"@context\":\"https:\\\/\\\/schema.org\",\"@graph\":[{\"@type\":\"WebPage\",\"@id\":\"https:\\\/\\\/circvoramar.com\\\/es\\\/masquecirco\",\"url\":\"https:\\\/\\\/circvoramar.com\\\/es\\\/masquecirco\",\"name\":\"M\u00c9S QUE CIRC - Circ Voramar\",\"isPartOf\":{\"@id\":\"https:\\\/\\\/circvoramar.com\\\/es\\\/#website\"},\"datePublished\":\"2023-10-24T10:25:09+00:00\",\"dateModified\":\"2024-04-16T11:25:58+00:00\",\"breadcrumb\":{\"@id\":\"https:\\\/\\\/circvoramar.com\\\/es\\\/masquecirco#breadcrumb\"},\"inLanguage\":\"es\",\"potentialAction\":[{\"@type\":\"ReadAction\",\"target\":[\"https:\\\/\\\/circvoramar.com\\\/es\\\/masquecirco\"]}]},{\"@type\":\"BreadcrumbList\",\"@id\":\"https:\\\/\\\/circvoramar.com\\\/es\\\/masquecirco#breadcrumb\",\"itemListElement\":[{\"@type\":\"ListItem\",\"position\":1,\"name\":\"Portada\",\"item\":\"https:\\\/\\\/circvoramar.com\\\/es\\\/inicio\"},{\"@type\":\"ListItem\",\"position\":2,\"name\":\"M\u00c9S QUE CIRC\"}]},{\"@type\":\"WebSite\",\"@id\":\"https:\\\/\\\/circvoramar.com\\\/es\\\/#website\",\"url\":\"https:\\\/\\\/circvoramar.com\\\/es\\\/\",\"name\":\"Circ Voramar\",\"description\":\"Contemporani i circ social poblats mar\u00edtims\",\"potentialAction\":[{\"@type\":\"SearchAction\",\"target\":{\"@type\":\"EntryPoint\",\"urlTemplate\":\"https:\\\/\\\/circvoramar.com\\\/es\\\/?s={search_term_string}\"},\"query-input\":{\"@type\":\"PropertyValueSpecification\",\"valueRequired\":true,\"valueName\":\"search_term_string\"}}],\"inLanguage\":\"es\"}]}<\/script>\n<!-- \/ Yoast SEO plugin. -->","yoast_head_json":{"title":"M\u00c9S QUE CIRC - Circ Voramar","robots":{"index":"index","follow":"follow","max-snippet":"max-snippet:-1","max-image-preview":"max-image-preview:large","max-video-preview":"max-video-preview:-1"},"canonical":"https:\/\/circvoramar.com\/es\/masquecirco","og_locale":"es_ES","og_type":"article","og_title":"M\u00c9S QUE CIRC - Circ Voramar","og_url":"https:\/\/circvoramar.com\/es\/masquecirco","og_site_name":"Circ Voramar","article_publisher":"https:\/\/www.facebook.com\/circvoramar\/","article_modified_time":"2024-04-16T11:25:58+00:00","og_image":[{"width":1200,"height":800,"url":"https:\/\/circvoramar.com\/wp-content\/uploads\/2019\/10\/facebook-circvoramar.jpg","type":"image\/jpeg"}],"twitter_card":"summary_large_image","twitter_misc":{"Tiempo de lectura":"3 minutos"},"schema":{"@context":"https:\/\/schema.org","@graph":[{"@type":"WebPage","@id":"https:\/\/circvoramar.com\/es\/masquecirco","url":"https:\/\/circvoramar.com\/es\/masquecirco","name":"M\u00c9S QUE CIRC - Circ Voramar","isPartOf":{"@id":"https:\/\/circvoramar.com\/es\/#website"},"datePublished":"2023-10-24T10:25:09+00:00","dateModified":"2024-04-16T11:25:58+00:00","breadcrumb":{"@id":"https:\/\/circvoramar.com\/es\/masquecirco#breadcrumb"},"inLanguage":"es","potentialAction":[{"@type":"ReadAction","target":["https:\/\/circvoramar.com\/es\/masquecirco"]}]},{"@type":"BreadcrumbList","@id":"https:\/\/circvoramar.com\/es\/masquecirco#breadcrumb","itemListElement":[{"@type":"ListItem","position":1,"name":"Portada","item":"https:\/\/circvoramar.com\/es\/inicio"},{"@type":"ListItem","position":2,"name":"M\u00c9S QUE CIRC"}]},{"@type":"WebSite","@id":"https:\/\/circvoramar.com\/es\/#website","url":"https:\/\/circvoramar.com\/es\/","name":"Circ Voramar","description":"Contemporani i circ social poblats mar\u00edtims","potentialAction":[{"@type":"SearchAction","target":{"@type":"EntryPoint","urlTemplate":"https:\/\/circvoramar.com\/es\/?s={search_term_string}"},"query-input":{"@type":"PropertyValueSpecification","valueRequired":true,"valueName":"search_term_string"}}],"inLanguage":"es"}]}},"_links":{"self":[{"href":"https:\/\/circvoramar.com\/es\/wp-json\/wp\/v2\/pages\/7051","targetHints":{"allow":["GET"]}}],"collection":[{"href":"https:\/\/circvoramar.com\/es\/wp-json\/wp\/v2\/pages"}],"about":[{"href":"https:\/\/circvoramar.com\/es\/wp-json\/wp\/v2\/types\/page"}],"author":[{"embeddable":true,"href":"https:\/\/circvoramar.com\/es\/wp-json\/wp\/v2\/users\/67"}],"replies":[{"embeddable":true,"href":"https:\/\/circvoramar.com\/es\/wp-json\/wp\/v2\/comments?post=7051"}],"version-history":[{"count":7,"href":"https:\/\/circvoramar.com\/es\/wp-json\/wp\/v2\/pages\/7051\/revisions"}],"predecessor-version":[{"id":7305,"href":"https:\/\/circvoramar.com\/es\/wp-json\/wp\/v2\/pages\/7051\/revisions\/7305"}],"wp:attachment":[{"href":"https:\/\/circvoramar.com\/es\/wp-json\/wp\/v2\/media?parent=7051"}],"curies":[{"name":"wp","href":"https:\/\/api.w.org\/{rel}","templated":true}]}}